{"id":48,"date":"2025-03-24T15:20:08","date_gmt":"2025-03-24T14:20:08","guid":{"rendered":"https:\/\/bapall.be\/?page_id=48"},"modified":"2026-04-01T11:56:01","modified_gmt":"2026-04-01T09:56:01","slug":"lassociation","status":"publish","type":"page","link":"https:\/\/bapall.be\/nl\/lassociation\/","title":{"rendered":"De vereniging"},"content":{"rendered":"<div data-elementor-type=\"wp-page\" data-elementor-id=\"48\" class=\"elementor elementor-48\" data-elementor-post-type=\"page\">\n\t\t\t\t<div data-particle_enable=\"false\" data-particle-mobile-disabled=\"false\" class=\"elementor-element elementor-element-cda7ec0 e-flex e-con-boxed e-con e-parent\" data-id=\"cda7ec0\" data-element_type=\"container\" data-e-type=\"container\">\n\t\t\t\t\t<div class=\"e-con-inner\">\n\t\t<div data-particle_enable=\"false\" data-particle-mobile-disabled=\"false\" class=\"elementor-element elementor-element-fdd4e06 e-con-full e-flex e-con e-child\" data-id=\"fdd4e06\" data-element_type=\"container\" data-e-type=\"container\">\n\t\t<div data-particle_enable=\"false\" data-particle-mobile-disabled=\"false\" class=\"elementor-element elementor-element-c279030 e-con-full e-flex e-con e-child\" data-id=\"c279030\" data-element_type=\"container\" data-e-type=\"container\" data-settings=\"{&quot;background_background&quot;:&quot;classic&quot;}\">\n\t\t<div data-particle_enable=\"false\" data-particle-mobile-disabled=\"false\" class=\"elementor-element elementor-element-6ad681b e-con-full e-flex e-con e-child\" data-id=\"6ad681b\" data-element_type=\"container\" data-e-type=\"container\" data-settings=\"{&quot;background_background&quot;:&quot;classic&quot;}\">\n\t\t\t\t<div class=\"elementor-element elementor-element-6e88302 elementor-widget elementor-widget-heading\" data-id=\"6e88302\" data-element_type=\"widget\" data-e-type=\"widget\" data-widget_type=\"heading.default\">\n\t\t\t\t<div class=\"elementor-widget-container\">\n\t\t\t\t\t<h2 class=\"elementor-heading-title elementor-size-default\">De vereniging<\/h2>\t\t\t\t<\/div>\n\t\t\t\t<\/div>\n\t\t\t\t<div class=\"elementor-element elementor-element-e73de16 elementor-widget elementor-widget-text-editor\" data-id=\"e73de16\" data-element_type=\"widget\" data-e-type=\"widget\" data-widget_type=\"text-editor.default\">\n\t\t\t\t<div class=\"elementor-widget-container\">\n\t\t\t\t\t\t\t\t\t<p>BAPALL, de Belgische Vereniging van Pediatrische Allergisten, werd in december 2023 opgericht door acht pediatrische allergologen, vier Franstalige en vier Nederlandstalige, met als doel de behandeling van allergie\u00ebn bij kinderen en adolescenten te verbeteren.<\/p>\t\t\t\t\t\t\t\t<\/div>\n\t\t\t\t<\/div>\n\t\t\t\t<\/div>\n\t\t\t\t<div class=\"elementor-element elementor-element-9d2f16d elementor-widget elementor-widget-image\" data-id=\"9d2f16d\" data-element_type=\"widget\" data-e-type=\"widget\" data-widget_type=\"image.default\">\n\t\t\t\t<div class=\"elementor-widget-container\">\n\t\t\t\t\t\t\t\t\t\t\t\t\t\t\t<img fetchpriority=\"high\" decoding=\"async\" width=\"2000\" height=\"1293\" src=\"https:\/\/bapall.be\/wp-content\/uploads\/2025\/03\/7771992_3644525-e1742832318337.jpg\" class=\"attachment-full size-full wp-image-92\" alt=\"\" srcset=\"https:\/\/bapall.be\/wp-content\/uploads\/2025\/03\/7771992_3644525-e1742832318337.jpg 2000w, https:\/\/bapall.be\/wp-content\/uploads\/2025\/03\/7771992_3644525-e1742832318337-300x194.jpg 300w, https:\/\/bapall.be\/wp-content\/uploads\/2025\/03\/7771992_3644525-e1742832318337-1024x662.jpg 1024w, https:\/\/bapall.be\/wp-content\/uploads\/2025\/03\/7771992_3644525-e1742832318337-768x497.jpg 768w, https:\/\/bapall.be\/wp-content\/uploads\/2025\/03\/7771992_3644525-e1742832318337-1536x993.jpg 1536w\" sizes=\"(max-width: 2000px) 100vw, 2000px\" \/>\t\t\t\t\t\t\t\t\t\t\t\t\t\t\t<\/div>\n\t\t\t\t<\/div>\n\t\t\t\t<\/div>\n\t\t\t\t<\/div>\n\t\t<div data-particle_enable=\"false\" data-particle-mobile-disabled=\"false\" class=\"elementor-element elementor-element-3af255a e-con-full e-flex e-con e-child\" data-id=\"3af255a\" data-element_type=\"container\" data-e-type=\"container\" data-settings=\"{&quot;background_background&quot;:&quot;classic&quot;}\">\n\t\t\t\t<div class=\"elementor-element elementor-element-e1ed184 elementor-widget elementor-widget-heading\" data-id=\"e1ed184\" data-element_type=\"widget\" data-e-type=\"widget\" data-widget_type=\"heading.default\">\n\t\t\t\t<div class=\"elementor-widget-container\">\n\t\t\t\t\t<h2 class=\"elementor-heading-title elementor-size-default\">De vereniging heeft als doel:<\/h2>\t\t\t\t<\/div>\n\t\t\t\t<\/div>\n\t\t\t\t<div class=\"elementor-element elementor-element-5334410 elementor-widget elementor-widget-text-editor\" data-id=\"5334410\" data-element_type=\"widget\" data-e-type=\"widget\" data-widget_type=\"text-editor.default\">\n\t\t\t\t<div class=\"elementor-widget-container\">\n\t\t\t\t\t\t\t\t\t<ul><li>Het bevorderen van de ontwikkeling van de kennis op het gebied van de kinderallergologie;<\/li><li>Het bevorderen en aanmoedigen van goede praktijkvoering op het gebied van kinderallergologie, met het oog op betere harmonisatie;<\/li><li>Het promoten van samenwerking tussen kinderartsen<br \/>uit diverse subspecialiteiten met betrekking tot allergie;<\/li><li>Het promoten van samenwerkinsverbanden op klinisch en wetenschappelijk vlak met collega allergologen en aanmoedigen van deelname aan nationale en internationale studies;<\/li><li>Interesse wekken voor pediatrische allergologie bij medisch en paramedisch personeel;<\/li><li>Het promoten van opleiding in pediatrische allergologie;<\/li><li>Het defini\u00ebren van een portfolio van bekwaamheden vereist voor pediatrische allergologie met het oog op het in de toekomst verkrijgen van een erkenning van allergologie als competentie of subspecialisatie;<\/li><li>Het promoten van de ontwikkeling van een nationaal register voor allergie in het algemeen en de pediatrische allergologie in het bijzonder;<\/li><li>Het verzekeren van contacten en het ontwikkelen van nuttige relaties met publieke en priv\u00e9 organisaties, nationale en internationale, in het bijzonder om alle initiatieven te ondersteunen die de globale verzorging  van pati\u00ebnten en hun familie bevorderen;<\/li><li>Het ondersteunen van ieder initiatief dat geco\u00f6dineerde zorg en transfer naar de volwassen zorg faciliteert voor pati\u00ebnten met relevante pathologie\u00ebn binnen de pediatrische allergologie;<\/li><li>Het aanmoedigen en ondersteunen van pati\u00ebnten- en ouderverenigingen van kinderen met allergische aandoeningen.<\/li><\/ul>\t\t\t\t\t\t\t\t<\/div>\n\t\t\t\t<\/div>\n\t\t\t\t<\/div>\n\t\t\t\t\t<\/div>\n\t\t\t\t<\/div>\n\t\t<div data-particle_enable=\"false\" data-particle-mobile-disabled=\"false\" class=\"elementor-element elementor-element-2f0684b e-flex e-con-boxed e-con e-parent\" data-id=\"2f0684b\" data-element_type=\"container\" data-e-type=\"container\">\n\t\t\t\t\t<div class=\"e-con-inner\">\n\t\t<div data-particle_enable=\"false\" data-particle-mobile-disabled=\"false\" class=\"elementor-element elementor-element-4b146c0 e-con-full e-flex e-con e-child\" data-id=\"4b146c0\" data-element_type=\"container\" data-e-type=\"container\">\n\t\t<div data-particle_enable=\"false\" data-particle-mobile-disabled=\"false\" class=\"elementor-element elementor-element-48f1c25 e-con-full e-flex e-con e-child\" data-id=\"48f1c25\" data-element_type=\"container\" data-e-type=\"container\" data-settings=\"{&quot;background_background&quot;:&quot;classic&quot;}\">\n\t\t\t\t<div class=\"elementor-element elementor-element-649b82c elementor-widget elementor-widget-heading\" data-id=\"649b82c\" data-element_type=\"widget\" data-e-type=\"widget\" data-widget_type=\"heading.default\">\n\t\t\t\t<div class=\"elementor-widget-container\">\n\t\t\t\t\t<h2 class=\"elementor-heading-title elementor-size-default\">Deze doelstellingen zullen inzonderheid worden nagestreefd door middel van de volgende activiteiten:<\/h2>\t\t\t\t<\/div>\n\t\t\t\t<\/div>\n\t\t\t\t<div class=\"elementor-element elementor-element-fdb87da elementor-widget elementor-widget-text-editor\" data-id=\"fdb87da\" data-element_type=\"widget\" data-e-type=\"widget\" data-widget_type=\"text-editor.default\">\n\t\t\t\t<div class=\"elementor-widget-container\">\n\t\t\t\t\t\t\t\t\t<ul><li>Bijeenkomsten met het oog op de uitwisseling van klinische en wetenshappelijke ervaring en inzichten;<\/li><li>Verspreiding van specifieke informatie over kinderallergologie via alle beschikbare informatiekanalen;<\/li><li>Contacten met wetenschappelijke verenigingen die actief zijn op het gebied van allergologie (BelSACI, ABEFORCAL, CPALF, EAACI, SFA, etc.);<\/li><li>Co\u00f6rdinatie en gezamenlijke activiteiten met andere pediatrische subspecialiteiten die betrekking hebben op allergologie evenals met de volwassen allergologen.<\/li><\/ul>\t\t\t\t\t\t\t\t<\/div>\n\t\t\t\t<\/div>\n\t\t\t\t<\/div>\n\t\t\t\t<\/div>\n\t\t\t\t\t<\/div>\n\t\t\t\t<\/div>\n\t\t<div data-particle_enable=\"false\" data-particle-mobile-disabled=\"false\" class=\"elementor-element elementor-element-ebd3ce3 e-flex e-con-boxed e-con e-parent\" data-id=\"ebd3ce3\" data-element_type=\"container\" data-e-type=\"container\">\n\t\t\t\t\t<div class=\"e-con-inner\">\n\t\t\t\t<div class=\"elementor-element elementor-element-b3213d7 elementor-widget elementor-widget-menu-anchor\" data-id=\"b3213d7\" data-element_type=\"widget\" data-e-type=\"widget\" data-widget_type=\"menu-anchor.default\">\n\t\t\t\t<div class=\"elementor-widget-container\">\n\t\t\t\t\t\t\t<div class=\"elementor-menu-anchor\" id=\"board\"><\/div>\n\t\t\t\t\t\t<\/div>\n\t\t\t\t<\/div>\n\t\t<div data-particle_enable=\"false\" data-particle-mobile-disabled=\"false\" class=\"elementor-element elementor-element-ecc0a4b e-con-full e-flex e-con e-child\" data-id=\"ecc0a4b\" data-element_type=\"container\" data-e-type=\"container\">\n\t\t<div data-particle_enable=\"false\" data-particle-mobile-disabled=\"false\" class=\"elementor-element elementor-element-0ae94ad e-con-full e-flex e-con e-child\" data-id=\"0ae94ad\" data-element_type=\"container\" data-e-type=\"container\" data-settings=\"{&quot;background_background&quot;:&quot;classic&quot;}\">\n\t\t\t\t<div class=\"elementor-element elementor-element-2c87785 elementor-widget elementor-widget-heading\" data-id=\"2c87785\" data-element_type=\"widget\" data-e-type=\"widget\" data-widget_type=\"heading.default\">\n\t\t\t\t<div class=\"elementor-widget-container\">\n\t\t\t\t\t<h2 class=\"elementor-heading-title elementor-size-default\">De raad<\/h2>\t\t\t\t<\/div>\n\t\t\t\t<\/div>\n\t\t\t\t<\/div>\n\t\t\t\t<\/div>\n\t\t\t\t\t<\/div>\n\t\t\t\t<\/div>\n\t\t<div data-particle_enable=\"false\" data-particle-mobile-disabled=\"false\" class=\"elementor-element elementor-element-b538572 e-flex e-con-boxed e-con e-parent\" data-id=\"b538572\" data-element_type=\"container\" data-e-type=\"container\">\n\t\t\t\t\t<div class=\"e-con-inner\">\n\t\t\t\t<div class=\"elementor-element elementor-element-3661eb5 elementor-widget elementor-widget-image\" data-id=\"3661eb5\" data-element_type=\"widget\" data-e-type=\"widget\" data-widget_type=\"image.default\">\n\t\t\t\t<div class=\"elementor-widget-container\">\n\t\t\t\t\t\t\t\t\t\t\t\t\t\t\t<img decoding=\"async\" width=\"768\" height=\"576\" src=\"https:\/\/bapall.be\/wp-content\/uploads\/2025\/10\/IMG_0428-768x576.jpeg\" class=\"attachment-medium_large size-medium_large wp-image-2652\" alt=\"\" srcset=\"https:\/\/bapall.be\/wp-content\/uploads\/2025\/10\/IMG_0428-768x576.jpeg 768w, https:\/\/bapall.be\/wp-content\/uploads\/2025\/10\/IMG_0428-300x225.jpeg 300w, https:\/\/bapall.be\/wp-content\/uploads\/2025\/10\/IMG_0428-1024x768.jpeg 1024w, https:\/\/bapall.be\/wp-content\/uploads\/2025\/10\/IMG_0428-1536x1152.jpeg 1536w, https:\/\/bapall.be\/wp-content\/uploads\/2025\/10\/IMG_0428-2048x1536.jpeg 2048w, https:\/\/bapall.be\/wp-content\/uploads\/2025\/10\/IMG_0428-16x12.jpeg 16w\" sizes=\"(max-width: 768px) 100vw, 768px\" \/>\t\t\t\t\t\t\t\t\t\t\t\t\t\t\t<\/div>\n\t\t\t\t<\/div>\n\t\t<div data-particle_enable=\"false\" data-particle-mobile-disabled=\"false\" class=\"elementor-element elementor-element-db022ed e-con-full e-flex e-con e-child\" data-id=\"db022ed\" data-element_type=\"container\" data-e-type=\"container\" data-settings=\"{&quot;background_background&quot;:&quot;classic&quot;}\">\n\t\t\t\t<div class=\"elementor-element elementor-element-1465958 elementor-widget elementor-widget-text-editor\" data-id=\"1465958\" data-element_type=\"widget\" data-e-type=\"widget\" data-widget_type=\"text-editor.default\">\n\t\t\t\t<div class=\"elementor-widget-container\">\n\t\t\t\t\t\t\t\t\t<p>Dr<strong> Thierry De Saint Moulin<\/strong> (Clinique St Pierre, Ottignies) - Voorzitter - Medeoprichter<\/p><p><strong>Dr. Sarah De Schryver<\/strong> (AZ Sint Lucas, Gent) - Ondervoorzitter - Medeoprichter<\/p><p><strong>Dr. Jasmine Leus<\/strong> (AZ Maria Middelares, Gent) - Nederlandstalige secretaresse - medeoprichter<\/p><p><strong>Dr. Kamal El Abd<\/strong> (CHC MontL\u00e9gia, Luik) - Franstalige secretaresse - medeoprichter<\/p><p><strong>Dr. Katrien Coppens<\/strong> (AZ Imelda, Bonheiden) - Wetenschappelijk manager - Medeoprichter<\/p><p><strong>Dr. Chlo\u00e9 Joris<\/strong> (ULB Erasme, Brussel) \u2013 Franssprekende communicatieverantwoordelijke \u2013 medeoprichter<\/p><p><strong>Dr. Sophie Verelst<\/strong> (Jessa Ziekenhuis, Hasselt) - Nederlandstalige communicatiemanager - medeoprichter<\/p><p><strong>Dr. Val\u00e9rie P\u00e9kus<\/strong> (Bastenaken) - Penningmeester - medeoprichter<\/p><p><strong>Dr. Nathalie Bilem<\/strong> (Clinique Saint-Pierre, Ottignies) \u2013 Lid van de raad van bestuur<\/p><p><strong>Dr. Mihai Iordachescu<\/strong> (CHR, Huy \u2013 CHC MontL\u00e9gia, Luik) \u2013 Bestuurslid<\/p><p><strong>Dr. Sophie Pohlen<\/strong> (HUDERF, Brussel) \u2013 Bestuurslid<\/p><p><strong>Dr Athina Van Gasse<\/strong> (ZAS Sint Augustinus \u2013 Antwerpen) Lid van de raad van bestuur<\/p>\t\t\t\t\t\t\t\t<\/div>\n\t\t\t\t<\/div>\n\t\t\t\t<\/div>\n\t\t\t\t\t<\/div>\n\t\t\t\t<\/div>\n\t\t\t\t<\/div>","protected":false},"excerpt":{"rendered":"<p>L&#8217;association La BAPALL, Belgian Association of Pediatric Allergists, a \u00e9t\u00e9 fond\u00e9e en d\u00e9cembre 2023 par huit p\u00e9diatres allergologues, quatre francophones et quatre n\u00e9\u00e9rlandophones, dans le but d\u2019am\u00e9liorer la prise en charge des allergies chez les enfants et adolescents. L&#8217;association a pour objectifs&#8230; De promouvoir le d\u00e9veloppement des connaissances en allergologie p\u00e9diatrique ; De susciter et [&hellip;]<\/p>\n","protected":false},"author":1,"featured_media":92,"parent":0,"menu_order":0,"comment_status":"closed","ping_status":"closed","template":"elementor_header_footer","meta":{"footnotes":""},"class_list":["post-48","page","type-page","status-publish","has-post-thumbnail","hentry"],"yoast_head":"<!-- This site is optimized with the Yoast SEO plugin v27.6 - https:\/\/yoast.com\/product\/yoast-seo-wordpress\/ -->\n<title>L&#039;Association - BAPALL<\/title>\n<meta name=\"robots\" content=\"index, follow, max-snippet:-1, max-image-preview:large, max-video-preview:-1\" \/>\n<link rel=\"canonical\" href=\"https:\/\/bapall.be\/nl\/lassociation\/\" \/>\n<meta property=\"og:locale\" content=\"nl_BE\" \/>\n<meta property=\"og:type\" content=\"article\" \/>\n<meta property=\"og:title\" content=\"L&#039;Association - BAPALL\" \/>\n<meta property=\"og:description\" content=\"L&#8217;association La BAPALL, Belgian Association of Pediatric Allergists, a \u00e9t\u00e9 fond\u00e9e en d\u00e9cembre 2023 par huit p\u00e9diatres allergologues, quatre francophones et quatre n\u00e9\u00e9rlandophones, dans le but d\u2019am\u00e9liorer la prise en charge des allergies chez les enfants et adolescents. L&#8217;association a pour objectifs&#8230; De promouvoir le d\u00e9veloppement des connaissances en allergologie p\u00e9diatrique ; De susciter et [&hellip;]\" \/>\n<meta property=\"og:url\" content=\"https:\/\/bapall.be\/nl\/lassociation\/\" \/>\n<meta property=\"og:site_name\" content=\"BAPALL\" \/>\n<meta property=\"article:modified_time\" content=\"2026-04-01T09:56:01+00:00\" \/>\n<meta property=\"og:image\" content=\"https:\/\/bapall.be\/wp-content\/uploads\/2025\/03\/7771992_3644525-e1742832318337.jpg\" \/>\n\t<meta property=\"og:image:width\" content=\"2000\" \/>\n\t<meta property=\"og:image:height\" content=\"1293\" \/>\n\t<meta property=\"og:image:type\" content=\"image\/jpeg\" \/>\n<meta name=\"twitter:card\" content=\"summary_large_image\" \/>\n<meta name=\"twitter:label1\" content=\"Geschatte leestijd\" \/>\n\t<meta name=\"twitter:data1\" content=\"3 minuten\" \/>\n<script type=\"application\/ld+json\" class=\"yoast-schema-graph\">{\"@context\":\"https:\\\/\\\/schema.org\",\"@graph\":[{\"@type\":\"WebPage\",\"@id\":\"https:\\\/\\\/bapall.be\\\/lassociation\\\/\",\"url\":\"https:\\\/\\\/bapall.be\\\/lassociation\\\/\",\"name\":\"L'Association - BAPALL\",\"isPartOf\":{\"@id\":\"https:\\\/\\\/bapall.be\\\/#website\"},\"primaryImageOfPage\":{\"@id\":\"https:\\\/\\\/bapall.be\\\/lassociation\\\/#primaryimage\"},\"image\":{\"@id\":\"https:\\\/\\\/bapall.be\\\/lassociation\\\/#primaryimage\"},\"thumbnailUrl\":\"https:\\\/\\\/bapall.be\\\/wp-content\\\/uploads\\\/2025\\\/03\\\/7771992_3644525-e1742832318337.jpg\",\"datePublished\":\"2025-03-24T14:20:08+00:00\",\"dateModified\":\"2026-04-01T09:56:01+00:00\",\"breadcrumb\":{\"@id\":\"https:\\\/\\\/bapall.be\\\/lassociation\\\/#breadcrumb\"},\"inLanguage\":\"nl-BE\",\"potentialAction\":[{\"@type\":\"ReadAction\",\"target\":[\"https:\\\/\\\/bapall.be\\\/lassociation\\\/\"]}]},{\"@type\":\"ImageObject\",\"inLanguage\":\"nl-BE\",\"@id\":\"https:\\\/\\\/bapall.be\\\/lassociation\\\/#primaryimage\",\"url\":\"https:\\\/\\\/bapall.be\\\/wp-content\\\/uploads\\\/2025\\\/03\\\/7771992_3644525-e1742832318337.jpg\",\"contentUrl\":\"https:\\\/\\\/bapall.be\\\/wp-content\\\/uploads\\\/2025\\\/03\\\/7771992_3644525-e1742832318337.jpg\",\"width\":2000,\"height\":1293},{\"@type\":\"BreadcrumbList\",\"@id\":\"https:\\\/\\\/bapall.be\\\/lassociation\\\/#breadcrumb\",\"itemListElement\":[{\"@type\":\"ListItem\",\"position\":1,\"name\":\"Accueil\",\"item\":\"https:\\\/\\\/bapall.be\\\/\"},{\"@type\":\"ListItem\",\"position\":2,\"name\":\"L&#8217;Association\"}]},{\"@type\":\"WebSite\",\"@id\":\"https:\\\/\\\/bapall.be\\\/#website\",\"url\":\"https:\\\/\\\/bapall.be\\\/\",\"name\":\"BAPALL\",\"description\":\"Belgian Association of Pediatric Allergists\",\"publisher\":{\"@id\":\"https:\\\/\\\/bapall.be\\\/#organization\"},\"potentialAction\":[{\"@type\":\"SearchAction\",\"target\":{\"@type\":\"EntryPoint\",\"urlTemplate\":\"https:\\\/\\\/bapall.be\\\/?s={search_term_string}\"},\"query-input\":{\"@type\":\"PropertyValueSpecification\",\"valueRequired\":true,\"valueName\":\"search_term_string\"}}],\"inLanguage\":\"nl-BE\"},{\"@type\":\"Organization\",\"@id\":\"https:\\\/\\\/bapall.be\\\/#organization\",\"name\":\"BAPALL - Belgian association of Pediatric Allergists\",\"url\":\"https:\\\/\\\/bapall.be\\\/\",\"logo\":{\"@type\":\"ImageObject\",\"inLanguage\":\"nl-BE\",\"@id\":\"https:\\\/\\\/bapall.be\\\/#\\\/schema\\\/logo\\\/image\\\/\",\"url\":\"https:\\\/\\\/bapall.be\\\/wp-content\\\/uploads\\\/2024\\\/11\\\/Bapall_logo_RGB_black_icon-wordmark.png\",\"contentUrl\":\"https:\\\/\\\/bapall.be\\\/wp-content\\\/uploads\\\/2024\\\/11\\\/Bapall_logo_RGB_black_icon-wordmark.png\",\"width\":1081,\"height\":1081,\"caption\":\"BAPALL - Belgian association of Pediatric Allergists\"},\"image\":{\"@id\":\"https:\\\/\\\/bapall.be\\\/#\\\/schema\\\/logo\\\/image\\\/\"}}]}<\/script>\n<!-- \/ Yoast SEO plugin. -->","yoast_head_json":{"title":"L'Association - BAPALL","robots":{"index":"index","follow":"follow","max-snippet":"max-snippet:-1","max-image-preview":"max-image-preview:large","max-video-preview":"max-video-preview:-1"},"canonical":"https:\/\/bapall.be\/nl\/lassociation\/","og_locale":"nl_BE","og_type":"article","og_title":"L'Association - BAPALL","og_description":"L&#8217;association La BAPALL, Belgian Association of Pediatric Allergists, a \u00e9t\u00e9 fond\u00e9e en d\u00e9cembre 2023 par huit p\u00e9diatres allergologues, quatre francophones et quatre n\u00e9\u00e9rlandophones, dans le but d\u2019am\u00e9liorer la prise en charge des allergies chez les enfants et adolescents. L&#8217;association a pour objectifs&#8230; De promouvoir le d\u00e9veloppement des connaissances en allergologie p\u00e9diatrique ; De susciter et [&hellip;]","og_url":"https:\/\/bapall.be\/nl\/lassociation\/","og_site_name":"BAPALL","article_modified_time":"2026-04-01T09:56:01+00:00","og_image":[{"width":2000,"height":1293,"url":"https:\/\/bapall.be\/wp-content\/uploads\/2025\/03\/7771992_3644525-e1742832318337.jpg","type":"image\/jpeg"}],"twitter_card":"summary_large_image","twitter_misc":{"Geschatte leestijd":"3 minuten"},"schema":{"@context":"https:\/\/schema.org","@graph":[{"@type":"WebPage","@id":"https:\/\/bapall.be\/lassociation\/","url":"https:\/\/bapall.be\/lassociation\/","name":"L'Association - BAPALL","isPartOf":{"@id":"https:\/\/bapall.be\/#website"},"primaryImageOfPage":{"@id":"https:\/\/bapall.be\/lassociation\/#primaryimage"},"image":{"@id":"https:\/\/bapall.be\/lassociation\/#primaryimage"},"thumbnailUrl":"https:\/\/bapall.be\/wp-content\/uploads\/2025\/03\/7771992_3644525-e1742832318337.jpg","datePublished":"2025-03-24T14:20:08+00:00","dateModified":"2026-04-01T09:56:01+00:00","breadcrumb":{"@id":"https:\/\/bapall.be\/lassociation\/#breadcrumb"},"inLanguage":"nl-BE","potentialAction":[{"@type":"ReadAction","target":["https:\/\/bapall.be\/lassociation\/"]}]},{"@type":"ImageObject","inLanguage":"nl-BE","@id":"https:\/\/bapall.be\/lassociation\/#primaryimage","url":"https:\/\/bapall.be\/wp-content\/uploads\/2025\/03\/7771992_3644525-e1742832318337.jpg","contentUrl":"https:\/\/bapall.be\/wp-content\/uploads\/2025\/03\/7771992_3644525-e1742832318337.jpg","width":2000,"height":1293},{"@type":"BreadcrumbList","@id":"https:\/\/bapall.be\/lassociation\/#breadcrumb","itemListElement":[{"@type":"ListItem","position":1,"name":"Accueil","item":"https:\/\/bapall.be\/"},{"@type":"ListItem","position":2,"name":"L&#8217;Association"}]},{"@type":"WebSite","@id":"https:\/\/bapall.be\/#website","url":"https:\/\/bapall.be\/","name":"BAPALL","description":"Belgische Vereniging van Pediatrische Allergisten","publisher":{"@id":"https:\/\/bapall.be\/#organization"},"potentialAction":[{"@type":"SearchAction","target":{"@type":"EntryPoint","urlTemplate":"https:\/\/bapall.be\/?s={search_term_string}"},"query-input":{"@type":"PropertyValueSpecification","valueRequired":true,"valueName":"search_term_string"}}],"inLanguage":"nl-BE"},{"@type":"Organization","@id":"https:\/\/bapall.be\/#organization","name":"BAPALL - Belgische vereniging van kinderallergisten","url":"https:\/\/bapall.be\/","logo":{"@type":"ImageObject","inLanguage":"nl-BE","@id":"https:\/\/bapall.be\/#\/schema\/logo\/image\/","url":"https:\/\/bapall.be\/wp-content\/uploads\/2024\/11\/Bapall_logo_RGB_black_icon-wordmark.png","contentUrl":"https:\/\/bapall.be\/wp-content\/uploads\/2024\/11\/Bapall_logo_RGB_black_icon-wordmark.png","width":1081,"height":1081,"caption":"BAPALL - Belgian association of Pediatric Allergists"},"image":{"@id":"https:\/\/bapall.be\/#\/schema\/logo\/image\/"}}]}},"_links":{"self":[{"href":"https:\/\/bapall.be\/nl\/wp-json\/wp\/v2\/pages\/48","targetHints":{"allow":["GET"]}}],"collection":[{"href":"https:\/\/bapall.be\/nl\/wp-json\/wp\/v2\/pages"}],"about":[{"href":"https:\/\/bapall.be\/nl\/wp-json\/wp\/v2\/types\/page"}],"author":[{"embeddable":true,"href":"https:\/\/bapall.be\/nl\/wp-json\/wp\/v2\/users\/1"}],"replies":[{"embeddable":true,"href":"https:\/\/bapall.be\/nl\/wp-json\/wp\/v2\/comments?post=48"}],"version-history":[{"count":98,"href":"https:\/\/bapall.be\/nl\/wp-json\/wp\/v2\/pages\/48\/revisions"}],"predecessor-version":[{"id":2898,"href":"https:\/\/bapall.be\/nl\/wp-json\/wp\/v2\/pages\/48\/revisions\/2898"}],"wp:featuredmedia":[{"embeddable":true,"href":"https:\/\/bapall.be\/nl\/wp-json\/wp\/v2\/media\/92"}],"wp:attachment":[{"href":"https:\/\/bapall.be\/nl\/wp-json\/wp\/v2\/media?parent=48"}],"curies":[{"name":"wp","href":"https:\/\/api.w.org\/{rel}","templated":true}]}}